{"id":2403,"date":"2024-08-06T14:38:47","date_gmt":"2024-08-06T14:38:47","guid":{"rendered":"https:\/\/theredsearch.com\/blog\/?page_id=2403"},"modified":"2025-11-06T08:18:45","modified_gmt":"2025-11-06T13:18:45","slug":"el-pulso-inmobiliario","status":"publish","type":"page","link":"https:\/\/theredsearch.com\/blog\/el-pulso-inmobiliario\/","title":{"rendered":"El Pulso Inmobiliario"},"content":{"rendered":"<div class=\"wpb-content-wrapper\"><p>[vc_row][vc_column][vc_single_image image=&#8221;2912&#8243; img_size=&#8221;900&#215;500&#8243; alignment=&#8221;center&#8221; style=&#8221;vc_box_shadow&#8221; css_animation=&#8221;bounceInRight&#8221; css=&#8221;&#8221;][vc_empty_space][vc_separator][vc_custom_heading text=&#8221;ACERCA DE &#8220;El PULSO INMOBILIARIO&#8220;&#8221; font_container=&#8221;tag:h2|text_align:center&#8221; google_fonts=&#8221;font_family:Belleza%3Aregular|font_style:400%20regular%3A400%3Anormal&#8221;][vc_column_text single_style=&#8221;&#8221;]<\/p>\n<p style=\"text-align: justify;\">El nombre \u201cEl Pulso Inmobiliario\u201d hace referencia a la informaci\u00f3n latente, reciente y relevante sobre la industria inmobiliaria en las principales \u00e1reas de la pen\u00ednsula de Yucat\u00e1n: Tulum, Playa del Carmen, Yucat\u00e1n y Canc\u00fan. Nuestra revista de bienes ra\u00edces en Quintana Roo y Yucat\u00e1n est\u00e1 dise\u00f1ada tanto para inversionistas como para compradores primerizos, proporcionando datos actualizados que te ayudar\u00e1n a navegar el proceso de compra de manera eficiente.<\/p>\n<p style=\"text-align: justify;\">Con gran entusiasmo y compromiso, presentamos esta publicaci\u00f3n semestral que busca convertirse en tu gu\u00eda confiable y actualizada sobre el mercado inmobiliario en la regi\u00f3n. En cada edici\u00f3n, recopilamos informaci\u00f3n esencial para aquellos que consideran invertir en propiedades vacacionales, segundas casas o propiedades de inversi\u00f3n. La revista cubre aspectos clave como los precios promedio de desarrollos en pre-construcci\u00f3n y propiedades en venta, as\u00ed como las superficies y \u00e1reas promedio de estas propiedades.<\/p>\n<p>[\/vc_column_text][vc_empty_space][vc_custom_heading text=&#8221;A QUI\u00c9N VA DIRIGIDO &#8220;El PULSO INMOBILIARIO&#8220;&#8221; font_container=&#8221;tag:h2|text_align:center&#8221; google_fonts=&#8221;font_family:Belleza%3Aregular|font_style:400%20regular%3A400%3Anormal&#8221;][vc_column_text single_style=&#8221;&#8221;]<\/p>\n<p style=\"text-align: justify;\">\u201cEl Pulso Inmobiliario\u201d fue creado pensando en todas las personas interesadas en adquirir una propiedad en Quintana Roo y Yucat\u00e1n. Ya seas un inversionista experto que busca nuevas oportunidades en esta regi\u00f3n, o un comprador primerizo que sue\u00f1a con su primera casa cerca del mar, esta revista est\u00e1 dise\u00f1ada para ti. Tambi\u00e9n pensamos en aquellos que quiz\u00e1 no conocen la zona a fondo, pero quieren tomar decisiones informadas y seguras. Con informaci\u00f3n clara y detallada, nuestro objetivo es guiar tanto a quienes ya est\u00e1n familiarizados con el mercado como a quienes est\u00e1n comenzando a explorar estas vibrantes y hermosas \u00e1reas.<\/p>\n<p>[\/vc_column_text][vc_separator][vc_custom_heading text=&#8221;Entrega PRIMER SEMESTRE (2025)&#8221; font_container=&#8221;tag:h2|text_align:center&#8221; google_fonts=&#8221;font_family:Belleza%3Aregular|font_style:400%20regular%3A400%3Anormal&#8221; css=&#8221;&#8221;][vc_empty_space][vc_row_inner][vc_column_inner width=&#8221;1\/2&#8243;][vc_single_image image=&#8221;2907&#8243; img_size=&#8221;large&#8221; style=&#8221;vc_box_shadow_border&#8221; onclick=&#8221;custom_link&#8221; img_link_target=&#8221;_blank&#8221; css=&#8221;&#8221; title=&#8221;&#8220;El Pulso Inmobiliario de Playa del Carmen&#8220;&#8221; link=&#8221;https:\/\/issuu.com\/theredsearch\/docs\/el_pulso_inmobiliario_playa_del_carmen_2025_an_li&#8221;][vc_column_text single_style=&#8221;&#8221; css=&#8221;&#8221;]Descubre las estad\u00edsticas del primer semestre del 2025 en cuanto a nuevos desarrollos, ventas y precios del mercado inmobiliario en Playa del Carmen .[\/vc_column_text][vc_btn title=&#8221;LEER REVISTA&#8221; shape=&#8221;square&#8221; color=&#8221;danger&#8221; align=&#8221;center&#8221; css=&#8221;&#8221; link=&#8221;url:https%3A%2F%2Fissuu.com%2Ftheredsearch%2Fdocs%2Fel_pulso_inmobiliario_playa_del_carmen_2025_an_li|target:_blank&#8221;][\/vc_column_inner][vc_column_inner width=&#8221;1\/2&#8243;][vc_single_image image=&#8221;2918&#8243; img_size=&#8221;large&#8221; alignment=&#8221;center&#8221; onclick=&#8221;custom_link&#8221; img_link_target=&#8221;_blank&#8221; css=&#8221;&#8221; title=&#8221;&#8220;El Pulso Inmobiliario de Tulum&#8220;&#8221; link=&#8221;https:\/\/theredsearch.com\/blog\/el-pulso-inmobiliario-tulum-enero-junio-2025\/&#8221;][vc_column_text single_style=&#8221;&#8221; css=&#8221;&#8221;]Conoce los precios, las ventas y las \u00e1reas m\u00e1s prometedoras de Tulum en el primer semestre de 2025 y analiza la fluctuaci\u00f3n de esta bohemia ciudad.[\/vc_column_text][vc_btn title=&#8221;LEER REVISTA&#8221; shape=&#8221;square&#8221; color=&#8221;danger&#8221; align=&#8221;center&#8221; css=&#8221;&#8221; link=&#8221;url:https%3A%2F%2Ftheredsearch.com%2Fblog%2Fel-pulso-inmobiliario-tulum-enero-junio-2025%2F|target:_blank&#8221;][\/vc_column_inner][\/vc_row_inner][vc_row_inner][vc_column_inner width=&#8221;1\/2&#8243;][vc_single_image image=&#8221;3038&#8243; img_size=&#8221;large&#8221; alignment=&#8221;center&#8221; style=&#8221;vc_box_shadow_border&#8221; onclick=&#8221;custom_link&#8221; img_link_target=&#8221;_blank&#8221; css=&#8221;&#8221; title=&#8221;&#8220;El Pulso Inmobiliario de Canc\u00fan&#8220;&#8221; link=&#8221;https:\/\/theredsearch.com\/blog\/el-pulso-inmobiliario-de-cancun-ene-jun-2025\/&#8221;][vc_column_text single_style=&#8221;&#8221; css=&#8221;&#8221;]Descubre las estad\u00edsticas de enero a julio del 2025, nuevos desarrollos, ventas y precios del mercado inmobiliario en Canc\u00fan.[\/vc_column_text][vc_btn title=&#8221;LEER REVISTA&#8221; shape=&#8221;square&#8221; color=&#8221;danger&#8221; align=&#8221;center&#8221; css=&#8221;&#8221; link=&#8221;url:https%3A%2F%2Ftheredsearch.com%2Fblog%2Fel-pulso-inmobiliario-de-cancun-ene-jun-2025%2F|target:_blank&#8221;][\/vc_column_inner][vc_column_inner width=&#8221;1\/2&#8243;][vc_single_image image=&#8221;3039&#8243; img_size=&#8221;large&#8221; alignment=&#8221;center&#8221; onclick=&#8221;custom_link&#8221; img_link_target=&#8221;_blank&#8221; css=&#8221;&#8221; title=&#8221;&#8220;El Pulso Inmobiliario de Yucatan&#8220;&#8221; link=&#8221;https:\/\/theredsearch.com\/blog\/el-pulso-inmobiliario-de-yucatan-ene-jun-2025\/&#8221;][vc_column_text single_style=&#8221;&#8221; css=&#8221;&#8221;]Conoce los precios y las ventas en las diferentes zonas de Yucat\u00e1n en el primer semestre del 2025[\/vc_column_text][vc_btn title=&#8221;LEER REVISTA&#8221; shape=&#8221;square&#8221; color=&#8221;danger&#8221; align=&#8221;center&#8221; css=&#8221;&#8221; link=&#8221;url:https%3A%2F%2Ftheredsearch.com%2Fblog%2Fel-pulso-inmobiliario-de-yucatan-ene-jun-2025%2F|target:_blank&#8221;][\/vc_column_inner][\/vc_row_inner][vc_row_inner][vc_column_inner width=&#8221;1\/2&#8243;][vc_single_image image=&#8221;3037&#8243; img_size=&#8221;large&#8221; style=&#8221;vc_box_shadow_border&#8221; onclick=&#8221;custom_link&#8221; img_link_target=&#8221;_blank&#8221; css=&#8221;&#8221; title=&#8221;&#8220;El Pulso Inmobiliario de Puerto Morelos&#8220;&#8221; link=&#8221;https:\/\/theredsearch.com\/blog\/el-pulso-inmobiliario-de-puerto-morelos-ene-jun-2025\/&#8221;][vc_column_text single_style=&#8221;&#8221; css=&#8221;&#8221;]Inf\u00f3rmate sobre el comportamiento del mercado inmobiliario en Puerto Morelos de enero a julio 2025: novedades en desarrollos, precios y ventas.[\/vc_column_text][vc_btn title=&#8221;LEER REVISTA&#8221; shape=&#8221;square&#8221; color=&#8221;danger&#8221; align=&#8221;center&#8221; css=&#8221;&#8221; link=&#8221;url:https%3A%2F%2Ftheredsearch.com%2Fblog%2Fel-pulso-inmobiliario-de-puerto-morelos-ene-jun-2025%2F|target:_blank&#8221;][\/vc_column_inner][\/vc_row_inner][vc_custom_heading text=&#8221;Entrega ANUAL (2024)&#8221; font_container=&#8221;tag:h2|text_align:center&#8221; google_fonts=&#8221;font_family:Belleza%3Aregular|font_style:400%20regular%3A400%3Anormal&#8221; css=&#8221;&#8221;][vc_empty_space][vc_row_inner][vc_column_inner width=&#8221;1\/2&#8243;][vc_single_image image=&#8221;2730&#8243; img_size=&#8221;large&#8221; style=&#8221;vc_box_shadow_border&#8221; onclick=&#8221;custom_link&#8221; img_link_target=&#8221;_blank&#8221; css=&#8221;&#8221; title=&#8221;&#8220;El Pulso Inmobiliario de Playa del Carmen&#8220;&#8221; link=&#8221;https:\/\/theredsearch.com\/blog\/revista-online-el-pulso-inmobiliario-de-playa-del-carmen\/&#8221;][vc_column_text single_style=&#8221;&#8221; css=&#8221;&#8221;]Descubre las estad\u00edsticas del a\u00f1o 2024 en cuanto a nuevos desarrollos, ventas y precios del mercado inmobiliario en Playa del Carmen .[\/vc_column_text][vc_btn title=&#8221;LEER REVISTA&#8221; shape=&#8221;square&#8221; color=&#8221;danger&#8221; align=&#8221;center&#8221; css=&#8221;&#8221; link=&#8221;url:https%3A%2F%2Ftheredsearch.com%2Fblog%2Frevista-online-el-pulso-inmobiliario-de-playa-del-carmen%2F|target:_blank&#8221;][\/vc_column_inner][vc_column_inner width=&#8221;1\/2&#8243;][vc_single_image image=&#8221;2735&#8243; img_size=&#8221;large&#8221; alignment=&#8221;center&#8221; onclick=&#8221;custom_link&#8221; img_link_target=&#8221;_blank&#8221; css=&#8221;&#8221; link=&#8221;https:\/\/theredsearch.com\/blog\/revista-online-el-pulso-inmobiliario-de-tulum\/&#8221; title=&#8221;&#8220;El Pulso Inmobiliario de Tulum&#8220;&#8221;][vc_column_text single_style=&#8221;&#8221; css=&#8221;&#8221;]Conoce los precios, las ventas y las \u00e1reas m\u00e1s prometedoras de Tulum en el 2024 y analiza el crecimiento de esta encantadora y bohemia ciudad.[\/vc_column_text][vc_btn title=&#8221;LEER REVISTA&#8221; shape=&#8221;square&#8221; color=&#8221;danger&#8221; align=&#8221;center&#8221; css=&#8221;&#8221; link=&#8221;url:https%3A%2F%2Ftheredsearch.com%2Fblog%2Frevista-online-el-pulso-inmobiliario-de-tulum%2F|target:_blank&#8221;][\/vc_column_inner][\/vc_row_inner][vc_row_inner][vc_column_inner width=&#8221;1\/2&#8243;][vc_single_image image=&#8221;2739&#8243; img_size=&#8221;large&#8221; style=&#8221;vc_box_shadow_border&#8221; onclick=&#8221;custom_link&#8221; img_link_target=&#8221;_blank&#8221; css=&#8221;&#8221; title=&#8221;&#8220;El Pulso Inmobiliario de Canc\u00fan&#8220;&#8221; link=&#8221;https:\/\/theredsearch.com\/blog\/revista-online-el-pulso-inmobiliario-de-cancun\/&#8221;][vc_column_text single_style=&#8221;&#8221; css=&#8221;&#8221;]Descubre las estad\u00edsticas del a\u00f1o 2024, nuevos desarrollos, ventas y precios del mercado inmobiliario en Canc\u00fan.[\/vc_column_text][vc_btn title=&#8221;LEER REVISTA&#8221; shape=&#8221;square&#8221; color=&#8221;danger&#8221; align=&#8221;center&#8221; css=&#8221;&#8221; link=&#8221;url:https%3A%2F%2Ftheredsearch.com%2Fblog%2Frevista-online-el-pulso-inmobiliario-de-cancun%2F|target:_blank&#8221;][\/vc_column_inner][vc_column_inner width=&#8221;1\/2&#8243;][vc_single_image image=&#8221;2748&#8243; img_size=&#8221;large&#8221; alignment=&#8221;center&#8221; onclick=&#8221;custom_link&#8221; img_link_target=&#8221;_blank&#8221; css=&#8221;&#8221; title=&#8221;&#8220;El Pulso Inmobiliario de Yucat\u00e1n&#8220;&#8221; link=&#8221;https:\/\/theredsearch.com\/blog\/revista-online-el-pulso-inmobiliario-de-yucatan\/&#8221;][vc_column_text single_style=&#8221;&#8221; css=&#8221;&#8221;]Conoce los precios, las ventas y en las diferentes zonas de\u00a0 Yucat\u00e1n en el 2024 y analiza el crecimiento de esta encantadora e hist\u00f3rica ciudad.[\/vc_column_text][vc_btn title=&#8221;LEER REVISTA&#8221; shape=&#8221;square&#8221; color=&#8221;danger&#8221; align=&#8221;center&#8221; css=&#8221;&#8221; link=&#8221;url:https%3A%2F%2Ftheredsearch.com%2Fblog%2Frevista-online-el-pulso-inmobiliario-de-yucatan%2F|target:_blank&#8221;][\/vc_column_inner][\/vc_row_inner][vc_empty_space][vc_empty_space][vc_separator][\/vc_column][vc_column][\/vc_column][vc_column][\/vc_column][\/vc_row][vc_row][vc_column][vc_custom_heading text=&#8221;VIDEOS RELACIONADOS A &#8220;EL PULSO INMOBILIARIO&#8220;&#8221; font_container=&#8221;tag:h2|text_align:center&#8221; google_fonts=&#8221;font_family:Belleza%3Aregular|font_style:400%20regular%3A400%3Anormal&#8221;][vc_video link=&#8221;https:\/\/www.youtube.com\/watch?v=8TAzIit0C-k&amp;t=46s&#8221; el_width=&#8221;80&#8243; align=&#8221;center&#8221;][\/vc_column][\/vc_row][vc_row][vc_column][vc_empty_space][\/vc_column][\/vc_row][vc_row][vc_column][vc_custom_heading text=&#8221;ART\u00cdCULOS RELACIONADOS A &#8220;EL PULSO INMOBILIARIO&#8220;&#8221; font_container=&#8221;tag:h2|text_align:center&#8221; google_fonts=&#8221;font_family:Belleza%3Aregular|font_style:400%20regular%3A400%3Anormal&#8221;][vc_basic_grid post_type=&#8221;post&#8221; max_items=&#8221;2&#8243; style=&#8221;load-more&#8221; orderby=&#8221;ID&#8221; btn_title=&#8221;LEER&#8221; grid_id=&#8221;vc_gid:1762433630807-6f623bd1-e10e-8&#8243; el_id=&#8221;2472, 2323&#8243; exclude=&#8221;2545, 2346&#8243;][\/vc_column][\/vc_row]<\/p>\n<\/div>","protected":false},"excerpt":{"rendered":"<p>[vc_row][vc_column][vc_single_image image=&#8221;2912&#8243; img_size=&#8221;900&#215;500&#8243; alignment=&#8221;center&#8221; style=&#8221;vc_box_shadow&#8221; css_animation=&#8221;bounceInRight&#8221; css=&#8221;&#8221;][vc_empty_space][vc_separator][vc_custom_heading text=&#8221;ACERCA DE &#8220;El PULSO INMOBILIARIO&#8220;&#8221; font_container=&#8221;tag:h2|text_align:center&#8221; google_fonts=&#8221;font_family:Belleza%3Aregular|font_style:400%20regular%3A400%3Anormal&#8221;][vc_column_text single_style=&#8221;&#8221;] El nombre \u201cEl Pulso Inmobiliario\u201d hace referencia a la informaci\u00f3n latente, reciente y relevante sobre la industria inmobiliaria en las principales \u00e1reas de la pen\u00ednsula de Yucat\u00e1n: Tulum, Playa del Carmen, Yucat\u00e1n y Canc\u00fan. Nuestra revista de bienes ra\u00edces en<\/p>\n","protected":false},"author":7,"featured_media":0,"parent":0,"menu_order":0,"comment_status":"closed","ping_status":"closed","template":"page-blocks.php","meta":{"footnotes":""},"class_list":["post-2403","page","type-page","status-publish"],"yoast_head":"<!-- This site is optimized with the Yoast SEO plugin v25.3.1 - https:\/\/yoast.com\/wordpress\/plugins\/seo\/ -->\n<title>El Pulso Inmobiliario (Revista Digital) - by:The Red Search<\/title>\n<meta name=\"description\" content=\"El Pulso Inmobiliario es la revista digital con la informaci\u00f3n estad\u00edstica m\u00e1s completa y reciente del mercado de al riviera maya y Yucatan.\" \/>\n<meta name=\"robots\" content=\"index, follow, max-snippet:-1, max-image-preview:large, max-video-preview:-1\" \/>\n<link rel=\"canonical\" href=\"https:\/\/theredsearch.com\/blog\/el-pulso-inmobiliario\/\" \/>\n<meta property=\"og:locale\" content=\"es_MX\" \/>\n<meta property=\"og:type\" content=\"article\" \/>\n<meta property=\"og:title\" content=\"El Pulso Inmobiliario (Revista Digital) - by:The Red Search\" \/>\n<meta property=\"og:description\" content=\"El Pulso Inmobiliario es la revista digital con la informaci\u00f3n estad\u00edstica m\u00e1s completa y reciente del mercado de al riviera maya y Yucatan.\" \/>\n<meta property=\"og:url\" content=\"https:\/\/theredsearch.com\/blog\/el-pulso-inmobiliario\/\" \/>\n<meta property=\"og:site_name\" content=\"The Red Search\" \/>\n<meta property=\"article:publisher\" content=\"https:\/\/www.facebook.com\/theREDsearch\" \/>\n<meta property=\"article:modified_time\" content=\"2025-11-06T13:18:45+00:00\" \/>\n<meta name=\"twitter:card\" content=\"summary_large_image\" \/>\n<meta name=\"twitter:site\" content=\"@theREDSearch\" \/>\n<meta name=\"twitter:label1\" content=\"Tiempo de lectura\" \/>\n\t<meta name=\"twitter:data1\" content=\"6 minutos\" \/>\n<script type=\"application\/ld+json\" class=\"yoast-schema-graph\">{\"@context\":\"https:\/\/schema.org\",\"@graph\":[{\"@type\":\"WebPage\",\"@id\":\"https:\/\/theredsearch.com\/blog\/el-pulso-inmobiliario\/\",\"url\":\"https:\/\/theredsearch.com\/blog\/el-pulso-inmobiliario\/\",\"name\":\"El Pulso Inmobiliario (Revista Digital) - by:The Red Search\",\"isPartOf\":{\"@id\":\"https:\/\/theredsearch.com\/blog\/#website\"},\"datePublished\":\"2024-08-06T14:38:47+00:00\",\"dateModified\":\"2025-11-06T13:18:45+00:00\",\"description\":\"El Pulso Inmobiliario es la revista digital con la informaci\u00f3n estad\u00edstica m\u00e1s completa y reciente del mercado de al riviera maya y Yucatan.\",\"breadcrumb\":{\"@id\":\"https:\/\/theredsearch.com\/blog\/el-pulso-inmobiliario\/#breadcrumb\"},\"inLanguage\":\"es\",\"potentialAction\":[{\"@type\":\"ReadAction\",\"target\":[\"https:\/\/theredsearch.com\/blog\/el-pulso-inmobiliario\/\"]}]},{\"@type\":\"BreadcrumbList\",\"@id\":\"https:\/\/theredsearch.com\/blog\/el-pulso-inmobiliario\/#breadcrumb\",\"itemListElement\":[{\"@type\":\"ListItem\",\"position\":1,\"name\":\"Inicio\",\"item\":\"https:\/\/theredsearch.com\/blog\/\"},{\"@type\":\"ListItem\",\"position\":2,\"name\":\"El Pulso Inmobiliario\"}]},{\"@type\":\"WebSite\",\"@id\":\"https:\/\/theredsearch.com\/blog\/#website\",\"url\":\"https:\/\/theredsearch.com\/blog\/\",\"name\":\"The Red Search Blog\",\"description\":\"The red search\",\"publisher\":{\"@id\":\"https:\/\/theredsearch.com\/blog\/#organization\"},\"potentialAction\":[{\"@type\":\"SearchAction\",\"target\":{\"@type\":\"EntryPoint\",\"urlTemplate\":\"https:\/\/theredsearch.com\/blog\/?s={search_term_string}\"},\"query-input\":{\"@type\":\"PropertyValueSpecification\",\"valueRequired\":true,\"valueName\":\"search_term_string\"}}],\"inLanguage\":\"es\"},{\"@type\":\"Organization\",\"@id\":\"https:\/\/theredsearch.com\/blog\/#organization\",\"name\":\"The Red Search\",\"url\":\"https:\/\/theredsearch.com\/blog\/\",\"logo\":{\"@type\":\"ImageObject\",\"inLanguage\":\"es\",\"@id\":\"https:\/\/theredsearch.com\/blog\/#\/schema\/logo\/image\/\",\"url\":\"https:\/\/theredsearch.com\/blog\/wp-content\/uploads\/2022\/08\/cropped-apple-touch-icon-trs.jpg\",\"contentUrl\":\"https:\/\/theredsearch.com\/blog\/wp-content\/uploads\/2022\/08\/cropped-apple-touch-icon-trs.jpg\",\"width\":512,\"height\":512,\"caption\":\"The Red Search\"},\"image\":{\"@id\":\"https:\/\/theredsearch.com\/blog\/#\/schema\/logo\/image\/\"},\"sameAs\":[\"https:\/\/www.facebook.com\/theREDsearch\",\"https:\/\/x.com\/theREDSearch\",\"https:\/\/www.instagram.com\/theredsearch\/\",\"https:\/\/www.youtube.com\/channel\/UCoEFPBQrZmfPF31uvXUHIng\"]}]}<\/script>\n<!-- \/ Yoast SEO plugin. -->","yoast_head_json":{"title":"El Pulso Inmobiliario (Revista Digital) - by:The Red Search","description":"El Pulso Inmobiliario es la revista digital con la informaci\u00f3n estad\u00edstica m\u00e1s completa y reciente del mercado de al riviera maya y Yucatan.","robots":{"index":"index","follow":"follow","max-snippet":"max-snippet:-1","max-image-preview":"max-image-preview:large","max-video-preview":"max-video-preview:-1"},"canonical":"https:\/\/theredsearch.com\/blog\/el-pulso-inmobiliario\/","og_locale":"es_MX","og_type":"article","og_title":"El Pulso Inmobiliario (Revista Digital) - by:The Red Search","og_description":"El Pulso Inmobiliario es la revista digital con la informaci\u00f3n estad\u00edstica m\u00e1s completa y reciente del mercado de al riviera maya y Yucatan.","og_url":"https:\/\/theredsearch.com\/blog\/el-pulso-inmobiliario\/","og_site_name":"The Red Search","article_publisher":"https:\/\/www.facebook.com\/theREDsearch","article_modified_time":"2025-11-06T13:18:45+00:00","twitter_card":"summary_large_image","twitter_site":"@theREDSearch","twitter_misc":{"Tiempo de lectura":"6 minutos"},"schema":{"@context":"https:\/\/schema.org","@graph":[{"@type":"WebPage","@id":"https:\/\/theredsearch.com\/blog\/el-pulso-inmobiliario\/","url":"https:\/\/theredsearch.com\/blog\/el-pulso-inmobiliario\/","name":"El Pulso Inmobiliario (Revista Digital) - by:The Red Search","isPartOf":{"@id":"https:\/\/theredsearch.com\/blog\/#website"},"datePublished":"2024-08-06T14:38:47+00:00","dateModified":"2025-11-06T13:18:45+00:00","description":"El Pulso Inmobiliario es la revista digital con la informaci\u00f3n estad\u00edstica m\u00e1s completa y reciente del mercado de al riviera maya y Yucatan.","breadcrumb":{"@id":"https:\/\/theredsearch.com\/blog\/el-pulso-inmobiliario\/#breadcrumb"},"inLanguage":"es","potentialAction":[{"@type":"ReadAction","target":["https:\/\/theredsearch.com\/blog\/el-pulso-inmobiliario\/"]}]},{"@type":"BreadcrumbList","@id":"https:\/\/theredsearch.com\/blog\/el-pulso-inmobiliario\/#breadcrumb","itemListElement":[{"@type":"ListItem","position":1,"name":"Inicio","item":"https:\/\/theredsearch.com\/blog\/"},{"@type":"ListItem","position":2,"name":"El Pulso Inmobiliario"}]},{"@type":"WebSite","@id":"https:\/\/theredsearch.com\/blog\/#website","url":"https:\/\/theredsearch.com\/blog\/","name":"The Red Search Blog","description":"The red search","publisher":{"@id":"https:\/\/theredsearch.com\/blog\/#organization"},"potentialAction":[{"@type":"SearchAction","target":{"@type":"EntryPoint","urlTemplate":"https:\/\/theredsearch.com\/blog\/?s={search_term_string}"},"query-input":{"@type":"PropertyValueSpecification","valueRequired":true,"valueName":"search_term_string"}}],"inLanguage":"es"},{"@type":"Organization","@id":"https:\/\/theredsearch.com\/blog\/#organization","name":"The Red Search","url":"https:\/\/theredsearch.com\/blog\/","logo":{"@type":"ImageObject","inLanguage":"es","@id":"https:\/\/theredsearch.com\/blog\/#\/schema\/logo\/image\/","url":"https:\/\/theredsearch.com\/blog\/wp-content\/uploads\/2022\/08\/cropped-apple-touch-icon-trs.jpg","contentUrl":"https:\/\/theredsearch.com\/blog\/wp-content\/uploads\/2022\/08\/cropped-apple-touch-icon-trs.jpg","width":512,"height":512,"caption":"The Red Search"},"image":{"@id":"https:\/\/theredsearch.com\/blog\/#\/schema\/logo\/image\/"},"sameAs":["https:\/\/www.facebook.com\/theREDsearch","https:\/\/x.com\/theREDSearch","https:\/\/www.instagram.com\/theredsearch\/","https:\/\/www.youtube.com\/channel\/UCoEFPBQrZmfPF31uvXUHIng"]}]}},"_links":{"self":[{"href":"https:\/\/theredsearch.com\/blog\/wp-json\/wp\/v2\/pages\/2403","targetHints":{"allow":["GET"]}}],"collection":[{"href":"https:\/\/theredsearch.com\/blog\/wp-json\/wp\/v2\/pages"}],"about":[{"href":"https:\/\/theredsearch.com\/blog\/wp-json\/wp\/v2\/types\/page"}],"author":[{"embeddable":true,"href":"https:\/\/theredsearch.com\/blog\/wp-json\/wp\/v2\/users\/7"}],"replies":[{"embeddable":true,"href":"https:\/\/theredsearch.com\/blog\/wp-json\/wp\/v2\/comments?post=2403"}],"version-history":[{"count":96,"href":"https:\/\/theredsearch.com\/blog\/wp-json\/wp\/v2\/pages\/2403\/revisions"}],"predecessor-version":[{"id":3028,"href":"https:\/\/theredsearch.com\/blog\/wp-json\/wp\/v2\/pages\/2403\/revisions\/3028"}],"wp:attachment":[{"href":"https:\/\/theredsearch.com\/blog\/wp-json\/wp\/v2\/media?parent=2403"}],"curies":[{"name":"wp","href":"https:\/\/api.w.org\/{rel}","templated":true}]}}